{"id":2368,"date":"2023-05-15T13:21:56","date_gmt":"2023-05-15T13:21:56","guid":{"rendered":"https:\/\/www.pernillechristiansen.com\/mentions-legales\/"},"modified":"2023-11-09T17:34:57","modified_gmt":"2023-11-09T17:34:57","slug":"mentions-legales","status":"publish","type":"page","link":"https:\/\/www.pernillechristiansen.com\/es\/mentions-legales\/","title":{"rendered":"Legal information"},"content":{"rendered":"<p>[et_pb_section fb_built=\u00bb1&#8243; _builder_version=\u00bb4.20.4&#8243; _module_preset=\u00bbdefault\u00bb global_colors_info=\u00bb{}\u00bb][et_pb_row custom_padding_last_edited=\u00bbon|tablet\u00bb _builder_version=\u00bb4.20.4&#8243; _module_preset=\u00bbdefault\u00bb custom_padding=\u00bb||||false|false\u00bb custom_padding_tablet=\u00bb0px||||false|false\u00bb custom_padding_phone=\u00bb0px||||false|false\u00bb global_colors_info=\u00bb{}\u00bb][et_pb_column type=\u00bb4_4&#8243; _builder_version=\u00bb4.20.4&#8243; _module_preset=\u00bbdefault\u00bb global_colors_info=\u00bb{}\u00bb][et_pb_text _builder_version=\u00bb4.20.4&#8243; _module_preset=\u00bbdefault\u00bb header_font_size=\u00bb21px\u00bb text_orientation=\u00bbcenter\u00bb custom_margin=\u00bb||50px|||\u00bb global_colors_info=\u00bb{}\u00bb]<\/p>\n<h1>Legal information<\/h1>\n<p>Date of last update: January 10, 2022[\/et_pb_text][et_pb_text module_class=\u00bbtxt-legals\u00bb _builder_version=\u00bb4.21.0&#8243; _module_preset=\u00bbdefault\u00bb header_2_font=\u00bbBrandon Rgular|700|||||||\u00bb header_2_font_size=\u00bb14px\u00bb max_width=\u00bb730px\u00bb module_alignment=\u00bbcenter\u00bb custom_margin=\u00bb||70px|||\u00bb global_colors_info=\u00bb{}\u00bb]Le Site est accessible \u00e0 l\u2019adresse URL suivante : http:\/\/www.pernillechristiansen.com\/ Le Site est \u00e9dit\u00e9 par la soci\u00e9t\u00e9 TOMILLIE, soci\u00e9t\u00e9 \u00e0 responsabilit\u00e9 limit\u00e9e au capital de 10 000 euros, immatricul\u00e9e au Registre du Commerce et des Soci\u00e9t\u00e9s de Paris sous le num\u00e9ro 832 898 837, ayant son si\u00e8ge social sis au 350 rue Saint Honor\u00e9 75001 Paris \u2013 t\u00e9l. +33980596924 \u2013 contact@pernillechristiansen.com &#8211; n\u00b0 de TVA intracomunnautaire FR 94 832 898 837. Les directeurs de la publication du Site sont : Madame Pernille Le Marc et Monsieur Florent Le Marc, g\u00e9rants de la soci\u00e9t\u00e9 TOMILLIE. L\u2019h\u00e9bergeur du Site est : Square Space Ireland Ltd., une soci\u00e9t\u00e9 \u00e0 responsabilit\u00e9 limit\u00e9e par actions de droit irlandais immatricul\u00e9e sous le num\u00e9ro 527641 et dont le si\u00e8ge social est situ\u00e9 \u00e0: Le Pole House, Ship Street Great, Dublin 8 (Irlande) \u2013 t\u00e9l. +35319058597 \u2013 site internet : https:\/\/fr.squarespace.com\/.[\/et_pb_text][et_pb_image src=\u00bbhttps:\/\/www.pernillechristiansen.com\/wp-content\/uploads\/2023\/05\/Calque_1-2.png\u00bb title_text=\u00bbCalque_1 (2)\u00bb align=\u00bbcenter\u00bb _builder_version=\u00bb4.20.4&#8243; _module_preset=\u00bbdefault\u00bb global_colors_info=\u00bb{}\u00bb][\/et_pb_image][\/et_pb_column][\/et_pb_row][\/et_pb_section]<\/p>\n","protected":false},"excerpt":{"rendered":"<p>Legal information Date of last update: January 10, 2022Le Site est accessible \u00e0 l\u2019adresse URL suivante : http:\/\/www.pernillechristiansen.com\/ Le Site est \u00e9dit\u00e9 par la soci\u00e9t\u00e9 TOMILLIE, soci\u00e9t\u00e9 \u00e0 responsabilit\u00e9 limit\u00e9e au capital de 10 000 euros, immatricul\u00e9e au Registre du Commerce et des Soci\u00e9t\u00e9s de Paris sous le num\u00e9ro 832 898 837, ayant son si\u00e8ge [&hellip;]<\/p>\n","protected":false},"author":1,"featured_media":0,"parent":0,"menu_order":0,"comment_status":"closed","ping_status":"closed","template":"","meta":{"_acf_changed":false,"_et_pb_use_builder":"on","_et_pb_old_content":"","_et_gb_content_width":"","wp_social_preview_title":"","wp_social_preview_description":"","wp_social_preview_image":0,"footnotes":""},"class_list":["post-2368","page","type-page","status-publish","hentry"],"acf":[],"_links":{"self":[{"href":"https:\/\/www.pernillechristiansen.com\/es\/wp-json\/wp\/v2\/pages\/2368","targetHints":{"allow":["GET"]}}],"collection":[{"href":"https:\/\/www.pernillechristiansen.com\/es\/wp-json\/wp\/v2\/pages"}],"about":[{"href":"https:\/\/www.pernillechristiansen.com\/es\/wp-json\/wp\/v2\/types\/page"}],"author":[{"embeddable":true,"href":"https:\/\/www.pernillechristiansen.com\/es\/wp-json\/wp\/v2\/users\/1"}],"replies":[{"embeddable":true,"href":"https:\/\/www.pernillechristiansen.com\/es\/wp-json\/wp\/v2\/comments?post=2368"}],"version-history":[{"count":0,"href":"https:\/\/www.pernillechristiansen.com\/es\/wp-json\/wp\/v2\/pages\/2368\/revisions"}],"wp:attachment":[{"href":"https:\/\/www.pernillechristiansen.com\/es\/wp-json\/wp\/v2\/media?parent=2368"}],"curies":[{"name":"wp","href":"https:\/\/api.w.org\/{rel}","templated":true}]}}