{"id":2363,"date":"2023-05-15T13:21:56","date_gmt":"2023-05-15T13:21:56","guid":{"rendered":"https:\/\/www.pernillechristiansen.com\/mentions-legales\/"},"modified":"2023-11-09T17:33:53","modified_gmt":"2023-11-09T17:33:53","slug":"mentions-legales","status":"publish","type":"page","link":"https:\/\/www.pernillechristiansen.com\/da\/mentions-legales\/","title":{"rendered":"Legal information"},"content":{"rendered":"<p>[et_pb_section fb_built=&#8221;1&#8243; _builder_version=&#8221;4.20.4&#8243; _module_preset=&#8221;default&#8221; global_colors_info=&#8221;{}&#8221;][et_pb_row custom_padding_last_edited=&#8221;on|tablet&#8221; _builder_version=&#8221;4.20.4&#8243; _module_preset=&#8221;default&#8221; custom_padding=&#8221;||||false|false&#8221; custom_padding_tablet=&#8221;0px||||false|false&#8221; custom_padding_phone=&#8221;0px||||false|false&#8221; global_colors_info=&#8221;{}&#8221;][et_pb_column type=&#8221;4_4&#8243; _builder_version=&#8221;4.20.4&#8243; _module_preset=&#8221;default&#8221; global_colors_info=&#8221;{}&#8221;][et_pb_text _builder_version=&#8221;4.20.4&#8243; _module_preset=&#8221;default&#8221; header_font_size=&#8221;21px&#8221; text_orientation=&#8221;center&#8221; custom_margin=&#8221;||50px|||&#8221; global_colors_info=&#8221;{}&#8221;]<\/p>\n<h1>Legal information<\/h1>\n<p>Date of last update: January 10, 2022[\/et_pb_text][et_pb_text module_class=&#8221;txt-legals&#8221; _builder_version=&#8221;4.21.0&#8243; _module_preset=&#8221;default&#8221; header_2_font=&#8221;Brandon Rgular|700|||||||&#8221; header_2_font_size=&#8221;14px&#8221; max_width=&#8221;730px&#8221; module_alignment=&#8221;center&#8221; custom_margin=&#8221;||70px|||&#8221; global_colors_info=&#8221;{}&#8221;]The Site is accessible at the following URL address: http:\/\/www.pernillechristiansen.com\/ The Site is published by TOMILLIE, a soci\u00e9t\u00e9 \u00e0 responsabilit\u00e9 limit\u00e9e incorporated under French law, with a capital of 10,000 euros, registered with the Paris Trade and Companies Register under number 832 898 837, with its registered offices located at 350 rue Saint Honor\u00e9 75001 Paris &#8211; tel. +33980596924 &#8211; contact@pernillechristiansen.com &#8211; VAT number FR 94 832 898 837. The directors of publication of the Site are: Ms Pernille Le Marc and Mr Florent Le Marc, managers of TOMILLIE. The Site\u2019s hosting provider is: Square Space Ireland Ltd, a limited liability company incorporated under the laws of Ireland registered under number is 527641 and with registered offices located at: Le Pole House, Ship Street Great, Dublin 8 (Ireland) &#8211; tel: +35319058597 &#8211; website: https:\/\/fr.squarespace.com\/.[\/et_pb_text][et_pb_image src=&#8221;https:\/\/www.pernillechristiansen.com\/wp-content\/uploads\/2023\/05\/Calque_1-2.png&#8221; title_text=&#8221;Calque_1 (2)&#8221; align=&#8221;center&#8221; _builder_version=&#8221;4.20.4&#8243; _module_preset=&#8221;default&#8221; global_colors_info=&#8221;{}&#8221;][\/et_pb_image][\/et_pb_column][\/et_pb_row][\/et_pb_section]<\/p>\n","protected":false},"excerpt":{"rendered":"<p>Legal information Date of last update: January 10, 2022The Site is accessible at the following URL address: http:\/\/www.pernillechristiansen.com\/ The Site is published by TOMILLIE, a soci\u00e9t\u00e9 \u00e0 responsabilit\u00e9 limit\u00e9e incorporated under French law, with a capital of 10,000 euros, registered with the Paris Trade and Companies Register under number 832 898 837, with its registered [&hellip;]<\/p>\n","protected":false},"author":1,"featured_media":0,"parent":0,"menu_order":0,"comment_status":"closed","ping_status":"closed","template":"","meta":{"_acf_changed":false,"_et_pb_use_builder":"on","_et_pb_old_content":"","_et_gb_content_width":"","wp_social_preview_title":"","wp_social_preview_description":"","wp_social_preview_image":0,"footnotes":""},"class_list":["post-2363","page","type-page","status-publish","hentry"],"acf":[],"_links":{"self":[{"href":"https:\/\/www.pernillechristiansen.com\/da\/wp-json\/wp\/v2\/pages\/2363","targetHints":{"allow":["GET"]}}],"collection":[{"href":"https:\/\/www.pernillechristiansen.com\/da\/wp-json\/wp\/v2\/pages"}],"about":[{"href":"https:\/\/www.pernillechristiansen.com\/da\/wp-json\/wp\/v2\/types\/page"}],"author":[{"embeddable":true,"href":"https:\/\/www.pernillechristiansen.com\/da\/wp-json\/wp\/v2\/users\/1"}],"replies":[{"embeddable":true,"href":"https:\/\/www.pernillechristiansen.com\/da\/wp-json\/wp\/v2\/comments?post=2363"}],"version-history":[{"count":0,"href":"https:\/\/www.pernillechristiansen.com\/da\/wp-json\/wp\/v2\/pages\/2363\/revisions"}],"wp:attachment":[{"href":"https:\/\/www.pernillechristiansen.com\/da\/wp-json\/wp\/v2\/media?parent=2363"}],"curies":[{"name":"wp","href":"https:\/\/api.w.org\/{rel}","templated":true}]}}